{"id":108,"date":"2019-12-26T07:15:56","date_gmt":"2019-12-26T10:15:56","guid":{"rendered":"https:\/\/makland.com.br\/index.php\/contact\/"},"modified":"2024-04-20T21:39:35","modified_gmt":"2024-04-21T00:39:35","slug":"contato","status":"publish","type":"page","link":"https:\/\/makland.com.br\/index.php\/contato\/","title":{"rendered":"Contato"},"content":{"rendered":"\t\t<div data-elementor-type=\"wp-page\" data-elementor-id=\"108\" class=\"elementor elementor-108\">\n\t\t\t\t\t\t<section class=\"elementor-section elementor-top-section elementor-element elementor-element-e1aae3b elementor-section-boxed elementor-section-height-default elementor-section-height-default\" data-id=\"e1aae3b\" data-element_type=\"section\" data-settings=\"{&quot;background_background&quot;:&quot;classic&quot;}\">\n\t\t\t\t\t\t<div class=\"elementor-container elementor-column-gap-wide\">\n\t\t\t\t\t<div class=\"aux-parallax-section elementor-column elementor-col-25 elementor-top-column elementor-element elementor-element-e26aca7\" data-id=\"e26aca7\" data-element_type=\"column\" data-settings=\"{&quot;background_background&quot;:&quot;classic&quot;}\">\n\t\t\t<div class=\"elementor-widget-wrap elementor-element-populated\">\n\t\t\t\t\t\t<div class=\"elementor-element elementor-element-5014d93 aux-appear-watch-animation aux-fade-in-right-1 elementor-widget elementor-widget-aux_text\" data-id=\"5014d93\" data-element_type=\"widget\" data-widget_type=\"aux_text.default\">\n\t\t\t\t<div class=\"elementor-widget-container\">\n\t\t\t\t\t<section class=\"widget-container aux-widget-text aux-parent-aue322343f\">        <div class=\"aux-widget-advanced-text aux-wrap-style-simple aux-ico-pos-top aux-text-center aux-text-resp- aux-text-color-dark aux-text-widget-bg-center  \" >\n        \n                            <div class=\"aux-text-widget-header \"  >\n                        <div class=\"aux-ico-box aux-ico-large aux-ico-shape-circle aux-ico-clear \">\n                                                                <span class=\"aux-ico auxicon-map-pin-streamline\" > <\/span>\n                                                            <\/div>\n                <\/div>\n            \n            <div class=\"aux-text-inner aux-text-widget-content\">\n                                <h4 class=\"col-title\"><a href=\"https:\/\/www.google.com\/maps\/place\/R.+Beija-Flor,+52+-+Lot.+Montparnasse,+Alm.+Tamandar%C3%A9+-+PR,+83508-170\/@-25.3812306,-49.3095079,17z\/data=!3m1!4b1!4m6!3m5!1s0x94dce0e3df5e358b:0xbf625cba1bc194c1!8m2!3d-25.3812306!4d-49.3095079!16s%2Fg%2F11c1xsdy2j?entry=ttu\">ENDERE\u00c7O<\/a><\/h4>\n                                <div class=\"widget-content\">\n                                        <p><a href=\"https:\/\/www.google.com\/maps\/place\/R.+Beija-Flor,+52+-+Lot.+Montparnasse,+Alm.+Tamandar%C3%A9+-+PR,+83508-170\/@-25.3812306,-49.3095079,17z\/data=!3m1!4b1!4m6!3m5!1s0x94dce0e3df5e358b:0xbf625cba1bc194c1!8m2!3d-25.3812306!4d-49.3095079!16s%2Fg%2F11c1xsdy2j?entry=ttu\">Rua Beija-Flor, 52 - Almirante Tamandar\u00e9 - Pr\u00f3ximo ao\u00a0Parque\u00a0Tingui.<\/a><\/p>                <\/div>\n                            <\/div>\n        <\/div>\n                    <div class=\"aux-text-widget-footer\">\n                <div class=\"aux-border-shape-none \">\n                                <\/div>\n            <\/div>\n        \n<\/section><!-- widget-container -->\t\t\t\t<\/div>\n\t\t\t\t<\/div>\n\t\t\t\t\t<\/div>\n\t\t<\/div>\n\t\t\t\t<div class=\"aux-parallax-section elementor-column elementor-col-25 elementor-top-column elementor-element elementor-element-dc28e27\" data-id=\"dc28e27\" data-element_type=\"column\">\n\t\t\t<div class=\"elementor-widget-wrap elementor-element-populated\">\n\t\t\t\t\t\t<div class=\"elementor-element elementor-element-64ac072 aux-appear-watch-animation aux-fade-in-right-1 elementor-widget elementor-widget-aux_text\" data-id=\"64ac072\" data-element_type=\"widget\" data-widget_type=\"aux_text.default\">\n\t\t\t\t<div class=\"elementor-widget-container\">\n\t\t\t\t\t<section class=\"widget-container aux-widget-text aux-parent-au49c8bd2a\">        <div class=\"aux-widget-advanced-text aux-wrap-style-simple aux-ico-pos-top aux-text-center aux-text-resp- aux-text-color-dark aux-text-widget-bg-center  \" >\n        \n                            <div class=\"aux-text-widget-header \"  >\n                        <div class=\"aux-ico-box aux-ico-large aux-ico-shape-circle aux-ico-clear \">\n                                                                <span class=\"aux-ico auxicon-iphone-streamline\" > <\/span>\n                                                            <\/div>\n                <\/div>\n            \n            <div class=\"aux-text-inner aux-text-widget-content\">\n                                <h4 class=\"col-title\">TELEFONE<\/h4>\n                                <div class=\"widget-content\">\n                                        <p>(41) 99599-1258<\/p>                <\/div>\n                            <\/div>\n        <\/div>\n                    <div class=\"aux-text-widget-footer\">\n                <div class=\"aux-border-shape-none \">\n                                <\/div>\n            <\/div>\n        \n<\/section><!-- widget-container -->\t\t\t\t<\/div>\n\t\t\t\t<\/div>\n\t\t\t\t\t<\/div>\n\t\t<\/div>\n\t\t\t\t<div class=\"aux-parallax-section elementor-column elementor-col-25 elementor-top-column elementor-element elementor-element-766972c\" data-id=\"766972c\" data-element_type=\"column\">\n\t\t\t<div class=\"elementor-widget-wrap elementor-element-populated\">\n\t\t\t\t\t\t<div class=\"elementor-element elementor-element-5ce507f aux-appear-watch-animation aux-fade-in-right-1 elementor-widget elementor-widget-aux_text\" data-id=\"5ce507f\" data-element_type=\"widget\" data-widget_type=\"aux_text.default\">\n\t\t\t\t<div class=\"elementor-widget-container\">\n\t\t\t\t\t<section class=\"widget-container aux-widget-text aux-parent-au43257ef9\">        <div class=\"aux-widget-advanced-text aux-wrap-style-simple aux-ico-pos-top aux-text-center aux-text-resp- aux-text-color-dark aux-text-widget-bg-center  \" >\n        \n                            <div class=\"aux-text-widget-header \"  >\n                        <div class=\"aux-ico-box aux-ico-large aux-ico-shape-circle aux-ico-clear \">\n                                                                <span class=\"aux-ico auxicon-ios-clock-outline\" > <\/span>\n                                                            <\/div>\n                <\/div>\n            \n            <div class=\"aux-text-inner aux-text-widget-content\">\n                                <h4 class=\"col-title\">HOR\u00c1RIOS<\/h4>\n                                <div class=\"widget-content\">\n                                        <p>Segunda a Sexta 09.00 - 18.00<br><br \/>Com Agendamento<\/p>                <\/div>\n                            <\/div>\n        <\/div>\n                    <div class=\"aux-text-widget-footer\">\n                <div class=\"aux-border-shape-none \">\n                                <\/div>\n            <\/div>\n        \n<\/section><!-- widget-container -->\t\t\t\t<\/div>\n\t\t\t\t<\/div>\n\t\t\t\t\t<\/div>\n\t\t<\/div>\n\t\t\t\t<div class=\"aux-parallax-section elementor-column elementor-col-25 elementor-top-column elementor-element elementor-element-2184feb\" data-id=\"2184feb\" data-element_type=\"column\">\n\t\t\t<div class=\"elementor-widget-wrap elementor-element-populated\">\n\t\t\t\t\t\t<div class=\"elementor-element elementor-element-6665b60 aux-appear-watch-animation aux-fade-in-right-1 elementor-widget elementor-widget-aux_text\" data-id=\"6665b60\" data-element_type=\"widget\" data-widget_type=\"aux_text.default\">\n\t\t\t\t<div class=\"elementor-widget-container\">\n\t\t\t\t\t<section class=\"widget-container aux-widget-text aux-parent-au02a2f724\">        <div class=\"aux-widget-advanced-text aux-wrap-style-simple aux-ico-pos-top aux-text-center aux-text-resp- aux-text-color-dark aux-text-widget-bg-center  \" >\n        \n                            <div class=\"aux-text-widget-header \"  >\n                        <div class=\"aux-ico-box aux-ico-large aux-ico-shape-circle aux-ico-clear \">\n                                                                <span class=\"aux-ico auxicon-mail\" > <\/span>\n                                                            <\/div>\n                <\/div>\n            \n            <div class=\"aux-text-inner aux-text-widget-content\">\n                                <h4 class=\"col-title\">EMAIL<\/h4>\n                                <div class=\"widget-content\">\n                                        <p>contato@makland.com.br<\/p>                <\/div>\n                            <\/div>\n        <\/div>\n                    <div class=\"aux-text-widget-footer\">\n                <div class=\"aux-border-shape-none \">\n                                <\/div>\n            <\/div>\n        \n<\/section><!-- widget-container -->\t\t\t\t<\/div>\n\t\t\t\t<\/div>\n\t\t\t\t\t<\/div>\n\t\t<\/div>\n\t\t\t\t\t<\/div>\n\t\t<\/section>\n\t\t\t\t<section class=\"elementor-section elementor-top-section elementor-element elementor-element-9f21528 elementor-section-boxed elementor-section-height-default elementor-section-height-default\" data-id=\"9f21528\" data-element_type=\"section\" data-settings=\"{&quot;background_background&quot;:&quot;classic&quot;}\">\n\t\t\t\t\t\t<div class=\"elementor-container elementor-column-gap-default\">\n\t\t\t\t\t<div class=\"aux-parallax-section elementor-column elementor-col-50 elementor-top-column elementor-element elementor-element-7852e2c\" data-id=\"7852e2c\" data-element_type=\"column\">\n\t\t\t<div class=\"elementor-widget-wrap elementor-element-populated\">\n\t\t\t\t\t\t<div class=\"elementor-element elementor-element-cca6f38 aux-appear-watch-animation aux-fade-in-up-1 elementor-widget elementor-widget-aux_modern_heading\" data-id=\"cca6f38\" data-element_type=\"widget\" data-widget_type=\"aux_modern_heading.default\">\n\t\t\t\t<div class=\"elementor-widget-container\">\n\t\t\t\t\t<section class=\"aux-widget-modern-heading\">\n            <div class=\"aux-widget-inner\"><h2 class=\"aux-modern-heading-primary\">ENTRE EM CONTATO<\/h2><h3 class=\"aux-modern-heading-secondary\"><span class=\"aux-head-before\">Se voc\u00ea se interessou <\/span><span class=\"aux-head-highlight\">entre com contato conosco<\/span><span class=\"aux-head-after\">Estamos a sua disposi\u00e7\u00e3o.<\/span><\/h3><\/div>\n        <\/section>\t\t\t\t<\/div>\n\t\t\t\t<\/div>\n\t\t\t\t<div class=\"elementor-element elementor-element-580c1e8 aux-appear-watch-animation aux-fade-in-up-1 elementor-widget elementor-widget-aux_icon_list\" data-id=\"580c1e8\" data-element_type=\"widget\" data-widget_type=\"aux_icon_list.default\">\n\t\t\t\t<div class=\"elementor-widget-container\">\n\t\t\t\t\t<section class=\"widget-container aux-widget-icon-list aux-parent-au411f4f0b\"><div class=\"widget-inner\"><div class=\"aux-widget-icon-list-inner\"><ul class=\"aux-icon-list-items aux-direction-horizontal\"><li class=\"aux-icon-list-item aux-list-item-has-icon aux-icon-list-item-d50b495 elementor-repeater-item-d50b495\"><a class=\"aux-icon-list-link\" href=\"https:\/\/www.facebook.com\/Makland-Vest-436081023164667\/\"><span class=\"aux-icon-list-icon auxicon-facebook\"><\/span><\/a><\/li><\/ul><\/div><\/div><\/section><!-- widget-container -->\t\t\t\t<\/div>\n\t\t\t\t<\/div>\n\t\t\t\t\t<\/div>\n\t\t<\/div>\n\t\t\t\t<div class=\"aux-parallax-section elementor-column elementor-col-50 elementor-top-column elementor-element elementor-element-046f933\" data-id=\"046f933\" data-element_type=\"column\">\n\t\t\t<div class=\"elementor-widget-wrap elementor-element-populated\">\n\t\t\t\t\t\t<div class=\"elementor-element elementor-element-d9315ae aux-appear-watch-animation aux-fade-in-up-1 elementor-widget elementor-widget-aux_contact_form\" data-id=\"d9315ae\" data-element_type=\"widget\" data-widget_type=\"aux_contact_form.default\">\n\t\t\t\t<div class=\"elementor-widget-container\">\n\t\t\t\t\t<section class=\"widget-container aux-widget-contact-form aux-parent-au806d624d\">            <div class=\"aux-col-wrapper aux-no-gutter\">\n            <!-- @TODO - The output for element here -->\n\n            \n<div class=\"wpcf7 no-js\" id=\"wpcf7-f105-o1\" lang=\"en-US\" dir=\"ltr\" data-wpcf7-id=\"105\">\n<div class=\"screen-reader-response\"><p role=\"status\" aria-live=\"polite\" aria-atomic=\"true\"><\/p> <ul><\/ul><\/div>\n<form action=\"\/index.php\/wp-json\/wp\/v2\/pages\/108#wpcf7-f105-o1\" method=\"post\" class=\"wpcf7-form init\" aria-label=\"Contact form\" novalidate=\"novalidate\" data-status=\"init\">\n<div style=\"display: none;\">\n<input type=\"hidden\" name=\"_wpcf7\" value=\"105\" \/>\n<input type=\"hidden\" name=\"_wpcf7_version\" value=\"6.0.6\" \/>\n<input type=\"hidden\" name=\"_wpcf7_locale\" value=\"en_US\" \/>\n<input type=\"hidden\" name=\"_wpcf7_unit_tag\" value=\"wpcf7-f105-o1\" \/>\n<input type=\"hidden\" name=\"_wpcf7_container_post\" value=\"0\" \/>\n<input type=\"hidden\" name=\"_wpcf7_posted_data_hash\" value=\"\" \/>\n<input type=\"hidden\" name=\"_wpcf7_recaptcha_response\" value=\"\" \/>\n<\/div>\n<div class=\"business-3\">\n\t<div class=\"business-3-part1\">\n\t\t<p><label class=\"label-left\"><span class=\"wpcf7-form-control-wrap\" data-name=\"your-name\"><input size=\"40\" maxlength=\"400\" class=\"wpcf7-form-control wpcf7-text\" aria-invalid=\"false\" placeholder=\"Seu Nome*\" value=\"\" type=\"text\" name=\"your-name\" \/><\/span> <\/label><br \/>\n<label class=\"label-right\"><span class=\"wpcf7-form-control-wrap\" data-name=\"your-email\"><input size=\"40\" maxlength=\"400\" class=\"wpcf7-form-control wpcf7-email wpcf7-text wpcf7-validates-as-email\" aria-invalid=\"false\" placeholder=\"Seu Email*\" value=\"\" type=\"email\" name=\"your-email\" \/><\/span> <\/label>\n\t\t<\/p>\n\t<\/div>\n\t<p><label><span class=\"wpcf7-form-control-wrap\" data-name=\"your-subject\"><input size=\"40\" maxlength=\"400\" class=\"wpcf7-form-control wpcf7-text\" aria-invalid=\"false\" placeholder=\"Assunto\" value=\"\" type=\"text\" name=\"your-subject\" \/><\/span> <\/label><br \/>\n<label><span class=\"wpcf7-form-control-wrap\" data-name=\"your-message\"><textarea cols=\"40\" rows=\"10\" maxlength=\"2000\" class=\"wpcf7-form-control wpcf7-textarea\" aria-invalid=\"false\" placeholder=\"Sua Mensagem*\" name=\"your-message\"><\/textarea><\/span><\/label><br \/>\n<input class=\"wpcf7-form-control wpcf7-submit has-spinner\" type=\"submit\" value=\"Enviar\" \/>\n\t<\/p>\n<\/div><div class=\"wpcf7-response-output\" aria-hidden=\"true\"><\/div>\n<\/form>\n<\/div>\n\n\n            <\/div><!-- aux-col-wrapper -->\n    <\/section><!-- widget-container -->\t\t\t\t<\/div>\n\t\t\t\t<\/div>\n\t\t\t\t\t<\/div>\n\t\t<\/div>\n\t\t\t\t\t<\/div>\n\t\t<\/section>\n\t\t\t\t<section class=\"elementor-section elementor-top-section elementor-element elementor-element-16bec1e elementor-section-boxed elementor-section-height-default elementor-section-height-default\" data-id=\"16bec1e\" data-element_type=\"section\">\n\t\t\t\t\t\t<div class=\"elementor-container elementor-column-gap-default\">\n\t\t\t\t\t<div class=\"aux-parallax-section elementor-column elementor-col-100 elementor-top-column elementor-element elementor-element-032eb38\" data-id=\"032eb38\" data-element_type=\"column\">\n\t\t\t<div class=\"elementor-widget-wrap elementor-element-populated\">\n\t\t\t\t\t\t<div class=\"elementor-element elementor-element-fa1aa19 elementor-widget elementor-widget-google_maps\" data-id=\"fa1aa19\" data-element_type=\"widget\" data-widget_type=\"google_maps.default\">\n\t\t\t\t<div class=\"elementor-widget-container\">\n\t\t\t\t\t\t\t<div class=\"elementor-custom-embed\">\n\t\t\t<iframe loading=\"lazy\"\n\t\t\t\t\tsrc=\"https:\/\/maps.google.com\/maps?q=%20Rua%20Beija-Flor%2C%2052%20-%20Almirante%20Tamandar%C3%A9&#038;t=m&#038;z=17&#038;output=embed&#038;iwloc=near\"\n\t\t\t\t\ttitle=\" Rua Beija-Flor, 52 - Almirante Tamandar\u00e9\"\n\t\t\t\t\taria-label=\" Rua Beija-Flor, 52 - Almirante Tamandar\u00e9\"\n\t\t\t><\/iframe>\n\t\t<\/div>\n\t\t\t\t\t\t<\/div>\n\t\t\t\t<\/div>\n\t\t\t\t\t<\/div>\n\t\t<\/div>\n\t\t\t\t\t<\/div>\n\t\t<\/section>\n\t\t\t\t<\/div>\n\t\t","protected":false},"excerpt":{"rendered":"<p>ENDERE\u00c7O Rua Beija-Flor, 52 &#8211; Almirante Tamandar\u00e9 &#8211; Pr\u00f3ximo ao\u00a0Parque\u00a0Tingui. TELEFONE (41) 99599-1258 HOR\u00c1RIOS Segunda a Sexta 09.00 &#8211; 18.00 Com Agendamento EMAIL contato@makland.com.br ENTRE EM CONTATO Se voc\u00ea se interessou entre com contato conoscoEstamos a sua disposi\u00e7\u00e3o.<\/p>\n","protected":false},"author":1,"featured_media":0,"parent":0,"menu_order":0,"comment_status":"closed","ping_status":"closed","template":"templates\/page-builder-content.php","meta":{"_joinchat":[],"footnotes":""},"class_list":["post-108","page","type-page","status-publish","hentry"],"_links":{"self":[{"href":"https:\/\/makland.com.br\/index.php\/wp-json\/wp\/v2\/pages\/108","targetHints":{"allow":["GET"]}}],"collection":[{"href":"https:\/\/makland.com.br\/index.php\/wp-json\/wp\/v2\/pages"}],"about":[{"href":"https:\/\/makland.com.br\/index.php\/wp-json\/wp\/v2\/types\/page"}],"author":[{"embeddable":true,"href":"https:\/\/makland.com.br\/index.php\/wp-json\/wp\/v2\/users\/1"}],"replies":[{"embeddable":true,"href":"https:\/\/makland.com.br\/index.php\/wp-json\/wp\/v2\/comments?post=108"}],"version-history":[{"count":61,"href":"https:\/\/makland.com.br\/index.php\/wp-json\/wp\/v2\/pages\/108\/revisions"}],"predecessor-version":[{"id":1095,"href":"https:\/\/makland.com.br\/index.php\/wp-json\/wp\/v2\/pages\/108\/revisions\/1095"}],"wp:attachment":[{"href":"https:\/\/makland.com.br\/index.php\/wp-json\/wp\/v2\/media?parent=108"}],"curies":[{"name":"wp","href":"https:\/\/api.w.org\/{rel}","templated":true}]}}