{"id":112,"date":"2019-12-26T06:57:13","date_gmt":"2019-12-26T09:57:13","guid":{"rendered":"https:\/\/makland.com.br\/index.php\/about\/"},"modified":"2024-04-20T23:15:20","modified_gmt":"2024-04-21T02:15:20","slug":"sobre","status":"publish","type":"page","link":"https:\/\/makland.com.br\/index.php\/sobre\/","title":{"rendered":"sobre"},"content":{"rendered":"\t\t<div data-elementor-type=\"wp-page\" data-elementor-id=\"112\" class=\"elementor elementor-112\">\n\t\t\t\t\t\t<section class=\"elementor-section elementor-top-section elementor-element elementor-element-a80288e elementor-section-content-middle elementor-reverse-tablet elementor-reverse-mobile elementor-section-boxed elementor-section-height-default elementor-section-height-default\" data-id=\"a80288e\" data-element_type=\"section\">\n\t\t\t\t\t\t<div class=\"elementor-container elementor-column-gap-default\">\n\t\t\t\t\t<div class=\"aux-parallax-section elementor-column elementor-col-100 elementor-top-column elementor-element elementor-element-95439be\" data-id=\"95439be\" data-element_type=\"column\">\n\t\t\t<div class=\"elementor-widget-wrap elementor-element-populated\">\n\t\t\t\t\t\t<div class=\"elementor-element elementor-element-6f9d68e aux-appear-watch-animation aux-fade-in-up-1 elementor-widget elementor-widget-aux_modern_heading\" data-id=\"6f9d68e\" data-element_type=\"widget\" data-widget_type=\"aux_modern_heading.default\">\n\t\t\t\t<div class=\"elementor-widget-container\">\n\t\t\t\t\t<section class=\"aux-widget-modern-heading\">\n            <div class=\"aux-widget-inner\"><h2 class=\"aux-modern-heading-primary\">Sobre a Makland<\/h2><h3 class=\"aux-modern-heading-secondary\"><span class=\"aux-head-before\">Somos refer\u00eancia<\/span><span class=\"aux-head-highlight\">em loca\u00e7\u00f5es de beca<\/span><\/h3><\/div>\n        <\/section>\t\t\t\t<\/div>\n\t\t\t\t<\/div>\n\t\t\t\t<div class=\"elementor-element elementor-element-18dbf96 elementor-widget elementor-widget-wp-widget-text\" data-id=\"18dbf96\" data-element_type=\"widget\" data-widget_type=\"wp-widget-text.default\">\n\t\t\t\t<div class=\"elementor-widget-container\">\n\t\t\t\t\t\t\t\t<div class=\"textwidget\"><p>Fundada h\u00e1 mais de 35 anos, nossa empresa de aluguel de becas para formatura e becas para advogados tem sido uma presen\u00e7a confi\u00e1vel e respeitada no mercado. Desde o in\u00edcio, nos comprometemos a fornecer servi\u00e7os de alta qualidade e produtos excepcionais para atender \u00e0s necessidades variadas de nossos clientes.<\/p>\n<p>Ao longo dos anos, nossa empresa expandiu sua presen\u00e7a e aprimorou sua oferta de produtos e servi\u00e7os, sempre com o objetivo de oferecer as melhores solu\u00e7\u00f5es para nossos clientes. Atrav\u00e9s de parcerias estrat\u00e9gicas e investimentos cont\u00ednuos em tecnologia e inova\u00e7\u00e3o, principalmente no que tange a novas tecnologias em tecidos, continuamos a evoluir e nos adaptar \u00e0s mudan\u00e7as do mercado, mantendo sempre nosso compromisso com a excel\u00eancia e a satisfa\u00e7\u00e3o do cliente.<\/p>\n<\/div>\n\t\t\t\t\t\t<\/div>\n\t\t\t\t<\/div>\n\t\t\t\t<div class=\"elementor-element elementor-element-95367d4 aux-appear-watch-animation aux-fade-in-up-1 elementor-widget elementor-widget-aux_text\" data-id=\"95367d4\" data-element_type=\"widget\" data-widget_type=\"aux_text.default\">\n\t\t\t\t<div class=\"elementor-widget-container\">\n\t\t\t\t\t<section class=\"widget-container aux-widget-text aux-parent-auafcd9eb9\">        <div class=\"aux-widget-advanced-text aux-wrap-style-simple aux-ico-pos-left aux-text-left aux-text-resp- aux-text-color-dark aux-text-widget-bg-center aux-text-no-content aux-text-padding-fix \" >\n        \n                            <div class=\"aux-text-widget-header \"  >\n                        <div class=\"aux-ico-box aux-ico-large aux-ico-shape-circle aux-ico-clear \">\n                            <i aria-hidden=\"true\" class=\"aux-ico fas fa-bullseye\"><\/i>                        <\/div>\n                <\/div>\n            \n            <div class=\"aux-text-inner aux-text-widget-content\">\n                                <h4 class=\"col-title\">Miss\u00e3o:<\/h4>\n                            <\/div>\n        <\/div>\n                    <div class=\"aux-text-widget-footer\">\n                <div class=\"aux-border-shape-none \">\n                                <\/div>\n            <\/div>\n        \n<\/section><!-- widget-container -->\t\t\t\t<\/div>\n\t\t\t\t<\/div>\n\t\t\t\t<div class=\"elementor-element elementor-element-a75cef9 elementor-widget elementor-widget-wp-widget-text\" data-id=\"a75cef9\" data-element_type=\"widget\" data-widget_type=\"wp-widget-text.default\">\n\t\t\t\t<div class=\"elementor-widget-container\">\n\t\t\t\t\t\t\t\t<div class=\"textwidget\"><p>Nossa miss\u00e3o \u00e9 proporcionar experi\u00eancias memor\u00e1veis e solu\u00e7\u00f5es de qualidade superior no aluguel de becas para formatura e becas para advogados, contribuindo para o sucesso e a celebra\u00e7\u00e3o dos momentos importantes na vida de nossos clientes. Estamos empenhados em oferecer um servi\u00e7o excepcional, sustentado por valores de integridade, profissionalismo e excel\u00eancia em tudo o que fazemos.<\/p>\n<\/div>\n\t\t\t\t\t\t<\/div>\n\t\t\t\t<\/div>\n\t\t\t\t<div class=\"elementor-element elementor-element-4cae443 aux-appear-watch-animation aux-fade-in-up-1 elementor-widget elementor-widget-aux_text\" data-id=\"4cae443\" data-element_type=\"widget\" data-widget_type=\"aux_text.default\">\n\t\t\t\t<div class=\"elementor-widget-container\">\n\t\t\t\t\t<section class=\"widget-container aux-widget-text aux-parent-au1a9f3a98\">        <div class=\"aux-widget-advanced-text aux-wrap-style-simple aux-ico-pos-left aux-text-left aux-text-resp- aux-text-color-dark aux-text-widget-bg-center aux-text-no-content aux-text-padding-fix \" >\n        \n                            <div class=\"aux-text-widget-header \"  >\n                        <div class=\"aux-ico-box aux-ico-large aux-ico-shape-circle aux-ico-clear \">\n                            <i aria-hidden=\"true\" class=\"aux-ico fas fa-award\"><\/i>                        <\/div>\n                <\/div>\n            \n            <div class=\"aux-text-inner aux-text-widget-content\">\n                                <h4 class=\"col-title\">Vis\u00e3o:<\/h4>\n                            <\/div>\n        <\/div>\n                    <div class=\"aux-text-widget-footer\">\n                <div class=\"aux-border-shape-none \">\n                                <\/div>\n            <\/div>\n        \n<\/section><!-- widget-container -->\t\t\t\t<\/div>\n\t\t\t\t<\/div>\n\t\t\t\t<div class=\"elementor-element elementor-element-066ccf7 elementor-widget elementor-widget-wp-widget-text\" data-id=\"066ccf7\" data-element_type=\"widget\" data-widget_type=\"wp-widget-text.default\">\n\t\t\t\t<div class=\"elementor-widget-container\">\n\t\t\t\t\t\t\t\t<div class=\"textwidget\"><p>Nossa vis\u00e3o \u00e9 ser reconhecida como a principal escolha para clientes que buscam servi\u00e7os de aluguel de becas de alta qualidade, oferecendo uma ampla variedade de op\u00e7\u00f5es para atender \u00e0s necessidades individuais e coletivas. Estamos comprometidos em expandir nossa presen\u00e7a regional e nacional, mantendo ao mesmo tempo nosso compromisso com a qualidade, a inova\u00e7\u00e3o e a satisfa\u00e7\u00e3o do cliente.<\/p>\n<\/div>\n\t\t\t\t\t\t<\/div>\n\t\t\t\t<\/div>\n\t\t\t\t<div class=\"elementor-element elementor-element-86735dc aux-appear-watch-animation aux-fade-in-up-1 elementor-widget elementor-widget-aux_text\" data-id=\"86735dc\" data-element_type=\"widget\" data-widget_type=\"aux_text.default\">\n\t\t\t\t<div class=\"elementor-widget-container\">\n\t\t\t\t\t<section class=\"widget-container aux-widget-text aux-parent-au7402f32f\">        <div class=\"aux-widget-advanced-text aux-wrap-style-simple aux-ico-pos-left aux-text-left aux-text-resp- aux-text-color-dark aux-text-widget-bg-center aux-text-no-content aux-text-padding-fix \" >\n        \n                            <div class=\"aux-text-widget-header \"  >\n                        <div class=\"aux-ico-box aux-ico-large aux-ico-shape-circle aux-ico-clear \">\n                            <i aria-hidden=\"true\" class=\"aux-ico far fa-gem\"><\/i>                        <\/div>\n                <\/div>\n            \n            <div class=\"aux-text-inner aux-text-widget-content\">\n                                <h4 class=\"col-title\">Valores:<\/h4>\n                            <\/div>\n        <\/div>\n                    <div class=\"aux-text-widget-footer\">\n                <div class=\"aux-border-shape-none \">\n                                <\/div>\n            <\/div>\n        \n<\/section><!-- widget-container -->\t\t\t\t<\/div>\n\t\t\t\t<\/div>\n\t\t\t\t<div class=\"elementor-element elementor-element-3f995c0 elementor-widget elementor-widget-wp-widget-text\" data-id=\"3f995c0\" data-element_type=\"widget\" data-widget_type=\"wp-widget-text.default\">\n\t\t\t\t<div class=\"elementor-widget-container\">\n\t\t\t\t\t\t\t\t<div class=\"textwidget\"><p>Excel\u00eancia: Buscamos a excel\u00eancia em tudo o que fazemos, sempre empenhados em superar as expectativas de nossos clientes e parceiros.<\/p>\n<p>Integridade: Agimos com honestidade, transpar\u00eancia e \u00e9tica em todas as nossas intera\u00e7\u00f5es, mantendo sempre a confian\u00e7a e o respeito de nossos clientes e colaboradores.<\/p>\n<p>Inova\u00e7\u00e3o: Estamos comprometidos em buscar constantemente novas ideias, tecnologias e abordagens para melhorar nossos produtos e servi\u00e7os, mantendo-nos na vanguarda do mercado.<\/p>\n<p>Compromisso com o cliente: Colocamos as necessidades e expectativas de nossos clientes em primeiro lugar, oferecendo um servi\u00e7o excepcional e construindo relacionamentos de longo prazo baseados na confian\u00e7a e na satisfa\u00e7\u00e3o m\u00fatua.<\/p>\n<p>Responsabilidade social e ambiental: Somos respons\u00e1veis social e ambientalmente, buscando sempre minimizar nosso impacto no meio ambiente e contribuir positivamente para as comunidades em que operamos.<\/p>\n<\/div>\n\t\t\t\t\t\t<\/div>\n\t\t\t\t<\/div>\n\t\t\t\t\t<\/div>\n\t\t<\/div>\n\t\t\t\t\t<\/div>\n\t\t<\/section>\n\t\t\t\t<section class=\"elementor-section elementor-top-section elementor-element elementor-element-faca950 aux-appear-watch-animation aux-mask-from-top elementor-section-boxed elementor-section-height-default elementor-section-height-default\" data-id=\"faca950\" data-element_type=\"section\">\n\t\t\t\t\t\t<div class=\"elementor-container elementor-column-gap-default\">\n\t\t\t\t\t<div class=\"aux-parallax-section elementor-column elementor-col-100 elementor-top-column elementor-element elementor-element-5fae517\" data-id=\"5fae517\" data-element_type=\"column\" data-settings=\"{&quot;background_background&quot;:&quot;classic&quot;}\">\n\t\t\t<div class=\"elementor-widget-wrap elementor-element-populated\">\n\t\t\t\t\t<div class=\"elementor-background-overlay\"><\/div>\n\t\t\t\t\t\t<div class=\"elementor-element elementor-element-8d4c899 aux-appear-watch-animation aux-fade-in-up-1 elementor-widget elementor-widget-aux_modern_heading\" data-id=\"8d4c899\" data-element_type=\"widget\" data-widget_type=\"aux_modern_heading.default\">\n\t\t\t\t<div class=\"elementor-widget-container\">\n\t\t\t\t\t<section class=\"aux-widget-modern-heading\">\n            <div class=\"aux-widget-inner\"><h2 class=\"aux-modern-heading-primary\">Ser\u00e1 nosso prazer providenciar qualidade e conforto para a sua cola\u00e7\u00e3o de grau!<\/h2><\/div>\n        <\/section>\t\t\t\t<\/div>\n\t\t\t\t<\/div>\n\t\t\t\t<div class=\"elementor-element elementor-element-b96cda6 aux-appear-watch-animation aux-fade-in-up-1 elementor-widget elementor-widget-aux_button\" data-id=\"b96cda6\" data-element_type=\"widget\" data-widget_type=\"aux_button.default\">\n\t\t\t\t<div class=\"elementor-widget-container\">\n\t\t\t\t\t<button   class=\"aux-button aux-medium aux-east-bay aux-curve aux-none aux-uppercase\" ><span class=\"aux-overlay\"><\/span><span class=\"aux-text\">CONTATE-NOS<\/span><\/button>\t\t\t\t<\/div>\n\t\t\t\t<\/div>\n\t\t\t\t\t<\/div>\n\t\t<\/div>\n\t\t\t\t\t<\/div>\n\t\t<\/section>\n\t\t\t\t<\/div>\n\t\t","protected":false},"excerpt":{"rendered":"<p>Sobre a Makland Somos refer\u00eanciaem loca\u00e7\u00f5es de beca Miss\u00e3o: Vis\u00e3o: Valores: Ser\u00e1 nosso prazer providenciar qualidade e conforto para a sua cola\u00e7\u00e3o de grau! CONTATE-NOS<\/p>\n","protected":false},"author":1,"featured_media":0,"parent":0,"menu_order":0,"comment_status":"closed","ping_status":"closed","template":"templates\/page-builder-content.php","meta":{"_joinchat":[],"footnotes":""},"class_list":["post-112","page","type-page","status-publish","hentry"],"_links":{"self":[{"href":"https:\/\/makland.com.br\/index.php\/wp-json\/wp\/v2\/pages\/112","targetHints":{"allow":["GET"]}}],"collection":[{"href":"https:\/\/makland.com.br\/index.php\/wp-json\/wp\/v2\/pages"}],"about":[{"href":"https:\/\/makland.com.br\/index.php\/wp-json\/wp\/v2\/types\/page"}],"author":[{"embeddable":true,"href":"https:\/\/makland.com.br\/index.php\/wp-json\/wp\/v2\/users\/1"}],"replies":[{"embeddable":true,"href":"https:\/\/makland.com.br\/index.php\/wp-json\/wp\/v2\/comments?post=112"}],"version-history":[{"count":64,"href":"https:\/\/makland.com.br\/index.php\/wp-json\/wp\/v2\/pages\/112\/revisions"}],"predecessor-version":[{"id":1134,"href":"https:\/\/makland.com.br\/index.php\/wp-json\/wp\/v2\/pages\/112\/revisions\/1134"}],"wp:attachment":[{"href":"https:\/\/makland.com.br\/index.php\/wp-json\/wp\/v2\/media?parent=112"}],"curies":[{"name":"wp","href":"https:\/\/api.w.org\/{rel}","templated":true}]}}